{"id":22,"date":"2025-05-20T15:04:20","date_gmt":"2025-05-20T15:04:20","guid":{"rendered":"https:\/\/queer.growing.support\/?page_id=22"},"modified":"2025-05-27T13:37:56","modified_gmt":"2025-05-27T13:37:56","slug":"monet-wohlgemuth","status":"publish","type":"page","link":"https:\/\/queer.growing.support\/en\/","title":{"rendered":"Monet Wohlgemuth"},"content":{"rendered":"<p>Counselling for trans and queer people.<\/p>\n\n\n\n<div class=\"wp-block-group alignfull has-global-padding is-layout-constrained wp-block-group-is-layout-constrained\" style=\"margin-top:0;margin-bottom:0;padding-top:var(--wp--preset--spacing--80);padding-bottom:var(--wp--preset--spacing--80)\">\n<div class=\"wp-block-columns alignwide is-layout-flex wp-container-core-columns-is-layout-66fad18a wp-block-columns-is-layout-flex\">\n<div class=\"wp-block-column is-layout-flow wp-block-column-is-layout-flow\" style=\"padding-right:var(--wp--preset--spacing--50);flex-basis:45%\">\n<figure class=\"wp-block-gallery has-nested-images columns-default is-cropped wp-block-gallery-2 is-layout-flex wp-block-gallery-is-layout-flex\">\n<figure class=\"wp-block-image size-full is-style-default\"><img loading=\"lazy\" decoding=\"async\" width=\"1080\" height=\"720\" data-id=\"23\" src=\"https:\/\/queer.growing.support\/wp-content\/uploads\/2025\/05\/portrait_quer_klein.jpg\" alt=\"Portrait von Monet Wohlgemuth. Monet ist weiss, hat kurze braune Haare und tr\u00e4gt eine Brille\" class=\"wp-image-23\" style=\"box-shadow:var(--wp--preset--shadow--natural)\" srcset=\"https:\/\/queer.growing.support\/wp-content\/uploads\/2025\/05\/portrait_quer_klein.jpg 1080w, https:\/\/queer.growing.support\/wp-content\/uploads\/2025\/05\/portrait_quer_klein-300x200.jpg 300w, https:\/\/queer.growing.support\/wp-content\/uploads\/2025\/05\/portrait_quer_klein-1024x683.jpg 1024w, https:\/\/queer.growing.support\/wp-content\/uploads\/2025\/05\/portrait_quer_klein-768x512.jpg 768w\" sizes=\"auto, (max-width: 1080px) 100vw, 1080px\" \/><\/figure>\n<\/figure>\n\n\n\n<div class=\"wp-block-group has-global-padding is-content-justification-center is-layout-constrained wp-block-group-is-layout-constrained\" style=\"margin-top:-12vw\"><\/div>\n<\/div>\n\n\n\n<div class=\"wp-block-column is-vertically-aligned-center is-layout-flow wp-block-column-is-layout-flow\" style=\"padding-right:0;padding-left:0;flex-basis:50%\">\n<p class=\"is-style-text-subtitle has-custom-blau-background-color has-background is-style-text-subtitle--3\"><br>Are you trans, queer or searching? I offer you support for your personal development - empathetic, affirming and without boxes.<\/p>\n\n\n\n<div class=\"wp-block-buttons is-content-justification-center is-layout-flex wp-container-core-buttons-is-layout-a89b3969 wp-block-buttons-is-layout-flex\">\n<div class=\"wp-block-button\"><a class=\"wp-block-button__link has-border-color has-custom-schwarz-border-color wp-element-button\" href=\"https:\/\/queer.growing.support\/en\/ueber-mich\/\" style=\"border-width:5px;box-shadow:var(--wp--preset--shadow--natural)\">Learn more about me<\/a><\/div>\n<\/div>\n<\/div>\n<\/div>\n<\/div>\n\n\n\n<div class=\"wp-block-group alignfull has-global-padding is-layout-constrained wp-block-group-is-layout-constrained\" style=\"margin-top:0;margin-bottom:0;padding-top:var(--wp--preset--spacing--60);padding-bottom:var(--wp--preset--spacing--60)\">\n<h2 class=\"wp-block-heading has-text-align-center\">My Offerings<\/h2>\n\n\n\n<div class=\"wp-block-columns alignwide is-layout-flex wp-container-core-columns-is-layout-e87f2171 wp-block-columns-is-layout-flex\" style=\"margin-top:var(--wp--preset--spacing--70);margin-bottom:0\">\n<div class=\"wp-block-column has-border-color has-custom-schwarz-border-color has-custom-blau-background-color has-background has-global-padding is-content-justification-center is-layout-constrained wp-container-core-column-is-layout-860428b2 wp-block-column-is-layout-constrained\" style=\"border-width:5px;border-radius:10px;padding-top:var(--wp--preset--spacing--40);padding-right:var(--wp--preset--spacing--40);padding-bottom:var(--wp--preset--spacing--40);padding-left:var(--wp--preset--spacing--40);box-shadow:var(--wp--preset--shadow--natural)\">\n<div class=\"wp-block-columns is-not-stacked-on-mobile is-layout-flex wp-container-core-columns-is-layout-81213e5a wp-block-columns-is-layout-flex\" style=\"margin-top:0;margin-bottom:0\">\n<div class=\"wp-block-column is-layout-flow wp-block-column-is-layout-flow\" style=\"flex-basis:70%\">\n<h3 class=\"wp-block-heading has-large-font-size\" style=\"margin-bottom:var(--wp--preset--spacing--20)\">Psychosocial Counselling<\/h3>\n<\/div>\n<\/div>\n\n\n\n<p class=\"has-medium-font-size\">I will support you in difficult times and help you with questions about everyday life, relationships, identity and personal development.<\/p>\n\n\n\n<div class=\"wp-block-buttons is-content-justification-center is-layout-flex wp-container-core-buttons-is-layout-d2a3880e wp-block-buttons-is-layout-flex\" style=\"margin-top:var(--wp--preset--spacing--30)\">\n<div class=\"wp-block-button has-custom-width wp-block-button__width-100\"><a class=\"wp-block-button__link has-border-color has-custom-schwarz-border-color wp-element-button\" href=\"https:\/\/queer.growing.support\/en\/psychosoziale-beratung\/\" style=\"border-width:5px;box-shadow:var(--wp--preset--shadow--natural);letter-spacing:0.08px;line-height:1.2\">Learn more<\/a><\/div>\n<\/div>\n<\/div>\n\n\n\n<div class=\"wp-block-column has-border-color has-custom-schwarz-border-color has-custom-blau-background-color has-background has-global-padding is-content-justification-center is-layout-constrained wp-container-core-column-is-layout-860428b2 wp-block-column-is-layout-constrained\" style=\"border-width:5px;border-radius:10px;padding-top:var(--wp--preset--spacing--40);padding-right:var(--wp--preset--spacing--40);padding-bottom:var(--wp--preset--spacing--40);padding-left:var(--wp--preset--spacing--40);box-shadow:var(--wp--preset--shadow--natural)\">\n<div class=\"wp-block-columns is-not-stacked-on-mobile is-layout-flex wp-container-core-columns-is-layout-81213e5a wp-block-columns-is-layout-flex\" style=\"margin-top:0;margin-bottom:0\">\n<div class=\"wp-block-column is-layout-flow wp-block-column-is-layout-flow\" style=\"flex-basis:70%\">\n<h3 class=\"wp-block-heading has-large-font-size\" style=\"margin-bottom:var(--wp--preset--spacing--20)\">Career Counselling &amp; Job Application Coaching<\/h3>\n<\/div>\n<\/div>\n\n\n\n<p class=\"has-medium-font-size\">I will work with you to help you find your career path and apply for jobs confidently and convincingly.<\/p>\n\n\n\n<div class=\"wp-block-buttons is-content-justification-center is-layout-flex wp-container-core-buttons-is-layout-d2a3880e wp-block-buttons-is-layout-flex\" style=\"margin-top:var(--wp--preset--spacing--30)\">\n<div class=\"wp-block-button has-custom-width wp-block-button__width-100\"><a class=\"wp-block-button__link has-border-color has-custom-schwarz-border-color wp-element-button\" href=\"https:\/\/queer.growing.support\/en\/laufbahnberatung-bewerbungs-coaching\/\" style=\"border-width:5px;box-shadow:var(--wp--preset--shadow--natural);letter-spacing:0.08px;line-height:1.2\">Learn more<\/a><\/div>\n<\/div>\n<\/div>\n<\/div>\n\n\n\n<h2 class=\"wp-block-heading has-text-align-center has-custom-blau-background-color has-background has-x-large-font-size\">Contact &amp; Booking<\/h2>\n\n\n\n<p class=\"has-custom-blau-background-color has-background\">Monet Wohlgemuth (he\/they)<br><br>Phone und WhatsApp: 078 714 72 34<br>Email <a href=\"mailto:beratung@queer.growing.support\">beratung@queer.growing.support<\/a><br>Languages: German and English<br><br>I currently only offer <strong>online counselling<\/strong> at these hours: Friday 9am - 7:30pm<br><br>My Terms of Counselling can be found <a href=\"https:\/\/queer.growing.support\/wp-content\/uploads\/2025\/05\/terms-of-counselling.pdf\">in this document <\/a>.<\/p>\n\n\n\n<div class=\"wp-block-buttons is-content-justification-center is-layout-flex wp-container-core-buttons-is-layout-a89b3969 wp-block-buttons-is-layout-flex\">\n<div class=\"wp-block-button\"><a class=\"wp-block-button__link has-border-color has-custom-schwarz-border-color wp-element-button\" href=\"mailto:beratung@queer.growing.support\" style=\"border-width:5px;box-shadow:var(--wp--preset--shadow--natural)\">Make an appointment<\/a><\/div>\n<\/div>\n<\/div>\n\n\n\n<p><\/p>","protected":false},"excerpt":{"rendered":"<p>Beratung f\u00fcr trans und queere Personen. Du bist trans, queer oder auf der Suche? Ich biete dir Begleitung f\u00fcr deine pers\u00f6nliche Entwicklung \u2013 einf\u00fchlsam, best\u00e4rkend und ohne Schubladen. Mein Angebot Psychosoziale Beratung Ich begleite dich in schwierigen Zeiten und helfe dir bei Fragen zum Alltag, zu Beziehungen, Identit\u00e4t und pers\u00f6nlicher Entwicklung. Laufbahnberatung &amp; Bewerbungs-Coaching Ich [&hellip;]<\/p>\n","protected":false},"author":2,"featured_media":0,"parent":0,"menu_order":0,"comment_status":"closed","ping_status":"closed","template":"","meta":{"_monsterinsights_skip_tracking":false,"_monsterinsights_sitenote_active":false,"_monsterinsights_sitenote_note":"","_monsterinsights_sitenote_category":0,"footnotes":""},"class_list":["post-22","page","type-page","status-publish","hentry"],"yoast_head":"<!-- This site is optimized with the Yoast SEO plugin v27.4 - https:\/\/yoast.com\/product\/yoast-seo-wordpress\/ -->\n<title>Monet Wohlgemuth - queer.growing.support - Beratung f\u00fcr trans und queere Personen<\/title>\n<meta name=\"description\" content=\"Du bist trans, queer oder auf der Suche? Ich biete dir Beratung f\u00fcr deine pers\u00f6nliche Entwicklung \u2013 professionell und einf\u00fchlsam.\" \/>\n<meta name=\"robots\" content=\"index, follow, max-snippet:-1, max-image-preview:large, max-video-preview:-1\" \/>\n<link rel=\"canonical\" href=\"https:\/\/queer.growing.support\/en\/\" \/>\n<meta property=\"og:locale\" content=\"en_GB\" \/>\n<meta property=\"og:type\" content=\"article\" \/>\n<meta property=\"og:title\" content=\"Monet Wohlgemuth - queer.growing.support - Beratung f\u00fcr trans und queere Personen\" \/>\n<meta property=\"og:description\" content=\"Du bist trans, queer oder auf der Suche? Ich biete dir Beratung f\u00fcr deine pers\u00f6nliche Entwicklung \u2013 professionell und einf\u00fchlsam.\" \/>\n<meta property=\"og:url\" content=\"https:\/\/queer.growing.support\/en\/\" \/>\n<meta property=\"og:site_name\" content=\"queer.growing.support\" \/>\n<meta property=\"article:modified_time\" content=\"2025-05-27T13:37:56+00:00\" \/>\n<meta property=\"og:image\" content=\"https:\/\/queer.growing.support\/wp-content\/uploads\/2025\/05\/portrait_quer_klein.jpg\" \/>\n<meta name=\"twitter:card\" content=\"summary_large_image\" \/>\n<meta name=\"twitter:label1\" content=\"Estimated reading time\" \/>\n\t<meta name=\"twitter:data1\" content=\"1 minute\" \/>\n<script type=\"application\/ld+json\" class=\"yoast-schema-graph\">{\"@context\":\"https:\\\/\\\/schema.org\",\"@graph\":[{\"@type\":\"WebPage\",\"@id\":\"https:\\\/\\\/queer.growing.support\\\/en\\\/\",\"url\":\"https:\\\/\\\/queer.growing.support\\\/en\\\/\",\"name\":\"Monet Wohlgemuth - queer.growing.support - Beratung f\u00fcr trans und queere Personen\",\"isPartOf\":{\"@id\":\"https:\\\/\\\/queer.growing.support\\\/en\\\/#website\"},\"primaryImageOfPage\":{\"@id\":\"https:\\\/\\\/queer.growing.support\\\/en\\\/#primaryimage\"},\"image\":{\"@id\":\"https:\\\/\\\/queer.growing.support\\\/en\\\/#primaryimage\"},\"thumbnailUrl\":\"https:\\\/\\\/queer.growing.support\\\/wp-content\\\/uploads\\\/2025\\\/05\\\/portrait_quer_klein.jpg\",\"datePublished\":\"2025-05-20T15:04:20+00:00\",\"dateModified\":\"2025-05-27T13:37:56+00:00\",\"description\":\"Du bist trans, queer oder auf der Suche? Ich biete dir Beratung f\u00fcr deine pers\u00f6nliche Entwicklung \u2013 professionell und einf\u00fchlsam.\",\"breadcrumb\":{\"@id\":\"https:\\\/\\\/queer.growing.support\\\/en\\\/#breadcrumb\"},\"inLanguage\":\"en-GB\",\"potentialAction\":[{\"@type\":\"ReadAction\",\"target\":[\"https:\\\/\\\/queer.growing.support\\\/en\\\/\"]}]},{\"@type\":\"ImageObject\",\"inLanguage\":\"en-GB\",\"@id\":\"https:\\\/\\\/queer.growing.support\\\/en\\\/#primaryimage\",\"url\":\"https:\\\/\\\/queer.growing.support\\\/wp-content\\\/uploads\\\/2025\\\/05\\\/portrait_quer_klein.jpg\",\"contentUrl\":\"https:\\\/\\\/queer.growing.support\\\/wp-content\\\/uploads\\\/2025\\\/05\\\/portrait_quer_klein.jpg\"},{\"@type\":\"BreadcrumbList\",\"@id\":\"https:\\\/\\\/queer.growing.support\\\/en\\\/#breadcrumb\",\"itemListElement\":[{\"@type\":\"ListItem\",\"position\":1,\"name\":\"Home\",\"item\":\"https:\\\/\\\/queer.growing.support\\\/en\\\/\"},{\"@type\":\"ListItem\",\"position\":2,\"name\":\"Monet Wohlgemuth\"}]},{\"@type\":\"WebSite\",\"@id\":\"https:\\\/\\\/queer.growing.support\\\/en\\\/#website\",\"url\":\"https:\\\/\\\/queer.growing.support\\\/en\\\/\",\"name\":\"queer.growing.support\",\"description\":\"Beratung f\u00fcr trans und queere Personen.\",\"publisher\":{\"@id\":\"https:\\\/\\\/queer.growing.support\\\/en\\\/#organization\"},\"potentialAction\":[{\"@type\":\"SearchAction\",\"target\":{\"@type\":\"EntryPoint\",\"urlTemplate\":\"https:\\\/\\\/queer.growing.support\\\/en\\\/?s={search_term_string}\"},\"query-input\":{\"@type\":\"PropertyValueSpecification\",\"valueRequired\":true,\"valueName\":\"search_term_string\"}}],\"inLanguage\":\"en-GB\"},{\"@type\":\"Organization\",\"@id\":\"https:\\\/\\\/queer.growing.support\\\/en\\\/#organization\",\"name\":\"queer.growing.support\",\"url\":\"https:\\\/\\\/queer.growing.support\\\/en\\\/\",\"logo\":{\"@type\":\"ImageObject\",\"inLanguage\":\"en-GB\",\"@id\":\"https:\\\/\\\/queer.growing.support\\\/en\\\/#\\\/schema\\\/logo\\\/image\\\/\",\"url\":\"https:\\\/\\\/queer.growing.support\\\/wp-content\\\/uploads\\\/2025\\\/05\\\/logo_quadratisch-1.jpg\",\"contentUrl\":\"https:\\\/\\\/queer.growing.support\\\/wp-content\\\/uploads\\\/2025\\\/05\\\/logo_quadratisch-1.jpg\",\"width\":800,\"height\":800,\"caption\":\"queer.growing.support\"},\"image\":{\"@id\":\"https:\\\/\\\/queer.growing.support\\\/en\\\/#\\\/schema\\\/logo\\\/image\\\/\"},\"sameAs\":[\"https:\\\/\\\/www.instagram.com\\\/queer.growing.support\\\/\",\"https:\\\/\\\/www.linkedin.com\\\/company\\\/queer-growing-support\"]}]}<\/script>\n<!-- \/ Yoast SEO plugin. -->","yoast_head_json":{"title":"Monet Wohlgemuth - queer.growing.support - Beratung f\u00fcr trans und queere Personen","description":"Du bist trans, queer oder auf der Suche? Ich biete dir Beratung f\u00fcr deine pers\u00f6nliche Entwicklung \u2013 professionell und einf\u00fchlsam.","robots":{"index":"index","follow":"follow","max-snippet":"max-snippet:-1","max-image-preview":"max-image-preview:large","max-video-preview":"max-video-preview:-1"},"canonical":"https:\/\/queer.growing.support\/en\/","og_locale":"en_GB","og_type":"article","og_title":"Monet Wohlgemuth - queer.growing.support - Beratung f\u00fcr trans und queere Personen","og_description":"Du bist trans, queer oder auf der Suche? Ich biete dir Beratung f\u00fcr deine pers\u00f6nliche Entwicklung \u2013 professionell und einf\u00fchlsam.","og_url":"https:\/\/queer.growing.support\/en\/","og_site_name":"queer.growing.support","article_modified_time":"2025-05-27T13:37:56+00:00","og_image":[{"url":"https:\/\/queer.growing.support\/wp-content\/uploads\/2025\/05\/portrait_quer_klein.jpg","type":"","width":"","height":""}],"twitter_card":"summary_large_image","twitter_misc":{"Estimated reading time":"1 minute"},"schema":{"@context":"https:\/\/schema.org","@graph":[{"@type":"WebPage","@id":"https:\/\/queer.growing.support\/en\/","url":"https:\/\/queer.growing.support\/en\/","name":"Monet Wohlgemuth - queer.growing.support - Beratung f\u00fcr trans und queere Personen","isPartOf":{"@id":"https:\/\/queer.growing.support\/en\/#website"},"primaryImageOfPage":{"@id":"https:\/\/queer.growing.support\/en\/#primaryimage"},"image":{"@id":"https:\/\/queer.growing.support\/en\/#primaryimage"},"thumbnailUrl":"https:\/\/queer.growing.support\/wp-content\/uploads\/2025\/05\/portrait_quer_klein.jpg","datePublished":"2025-05-20T15:04:20+00:00","dateModified":"2025-05-27T13:37:56+00:00","description":"Du bist trans, queer oder auf der Suche? Ich biete dir Beratung f\u00fcr deine pers\u00f6nliche Entwicklung \u2013 professionell und einf\u00fchlsam.","breadcrumb":{"@id":"https:\/\/queer.growing.support\/en\/#breadcrumb"},"inLanguage":"en-GB","potentialAction":[{"@type":"ReadAction","target":["https:\/\/queer.growing.support\/en\/"]}]},{"@type":"ImageObject","inLanguage":"en-GB","@id":"https:\/\/queer.growing.support\/en\/#primaryimage","url":"https:\/\/queer.growing.support\/wp-content\/uploads\/2025\/05\/portrait_quer_klein.jpg","contentUrl":"https:\/\/queer.growing.support\/wp-content\/uploads\/2025\/05\/portrait_quer_klein.jpg"},{"@type":"BreadcrumbList","@id":"https:\/\/queer.growing.support\/en\/#breadcrumb","itemListElement":[{"@type":"ListItem","position":1,"name":"Home","item":"https:\/\/queer.growing.support\/en\/"},{"@type":"ListItem","position":2,"name":"Monet Wohlgemuth"}]},{"@type":"WebSite","@id":"https:\/\/queer.growing.support\/en\/#website","url":"https:\/\/queer.growing.support\/en\/","name":"queer.growing.support","description":"Counselling for trans and queer people.","publisher":{"@id":"https:\/\/queer.growing.support\/en\/#organization"},"potentialAction":[{"@type":"SearchAction","target":{"@type":"EntryPoint","urlTemplate":"https:\/\/queer.growing.support\/en\/?s={search_term_string}"},"query-input":{"@type":"PropertyValueSpecification","valueRequired":true,"valueName":"search_term_string"}}],"inLanguage":"en-GB"},{"@type":"Organization","@id":"https:\/\/queer.growing.support\/en\/#organization","name":"queer.growing.support","url":"https:\/\/queer.growing.support\/en\/","logo":{"@type":"ImageObject","inLanguage":"en-GB","@id":"https:\/\/queer.growing.support\/en\/#\/schema\/logo\/image\/","url":"https:\/\/queer.growing.support\/wp-content\/uploads\/2025\/05\/logo_quadratisch-1.jpg","contentUrl":"https:\/\/queer.growing.support\/wp-content\/uploads\/2025\/05\/logo_quadratisch-1.jpg","width":800,"height":800,"caption":"queer.growing.support"},"image":{"@id":"https:\/\/queer.growing.support\/en\/#\/schema\/logo\/image\/"},"sameAs":["https:\/\/www.instagram.com\/queer.growing.support\/","https:\/\/www.linkedin.com\/company\/queer-growing-support"]}]}},"_links":{"self":[{"href":"https:\/\/queer.growing.support\/en\/wp-json\/wp\/v2\/pages\/22","targetHints":{"allow":["GET"]}}],"collection":[{"href":"https:\/\/queer.growing.support\/en\/wp-json\/wp\/v2\/pages"}],"about":[{"href":"https:\/\/queer.growing.support\/en\/wp-json\/wp\/v2\/types\/page"}],"author":[{"embeddable":true,"href":"https:\/\/queer.growing.support\/en\/wp-json\/wp\/v2\/users\/2"}],"replies":[{"embeddable":true,"href":"https:\/\/queer.growing.support\/en\/wp-json\/wp\/v2\/comments?post=22"}],"version-history":[{"count":15,"href":"https:\/\/queer.growing.support\/en\/wp-json\/wp\/v2\/pages\/22\/revisions"}],"predecessor-version":[{"id":220,"href":"https:\/\/queer.growing.support\/en\/wp-json\/wp\/v2\/pages\/22\/revisions\/220"}],"wp:attachment":[{"href":"https:\/\/queer.growing.support\/en\/wp-json\/wp\/v2\/media?parent=22"}],"curies":[{"name":"wp","href":"https:\/\/api.w.org\/{rel}","templated":true}]}}