{"id":44,"date":"2025-05-23T06:06:41","date_gmt":"2025-05-23T06:06:41","guid":{"rendered":"https:\/\/queer.growing.support\/?page_id=44"},"modified":"2025-05-29T09:01:15","modified_gmt":"2025-05-29T09:01:15","slug":"laufbahnberatung-bewerbungs-coaching","status":"publish","type":"page","link":"https:\/\/queer.growing.support\/en\/laufbahnberatung-bewerbungs-coaching\/","title":{"rendered":"Career Counselling &amp; Job Application Coaching"},"content":{"rendered":"<h2 class=\"wp-block-heading has-custom-blau-background-color has-background\">Find your career path - I'm here to support you!<\/h2>\n\n\n\n<p class=\"has-custom-blau-background-color has-background\">Do you want to get ahead professionally? Maybe you're unhappy in your job. Or you don't know how to apply for a job. Maybe you need new ideas for your future or need information about the job market and education system in Switzerland. These are all topics for career counselling.<br><br>I offer career counselling and application coaching for the Swiss job market - personal, clear and tailored to you.<br><br>Are you trans and don't know how to address your transition in the application process or at work? We'll find a suitable solution together.<\/p>\n\n\n\n<h2 class=\"wp-block-heading has-custom-blau-background-color has-background\">Career Counselling<\/h2>\n\n\n\n<ul class=\"wp-block-list has-custom-blau-background-color has-background\">\n<li>I'll help you find out where you stand. <\/li>\n\n\n\n<li>Together we will discover your strengths and interests. <\/li>\n\n\n\n<li>You gain clarity about your goals. <\/li>\n\n\n\n<li>I'll help you plan your next steps. <\/li>\n<\/ul>\n\n\n\n<p class=\"has-custom-blau-background-color has-background\">To complement the dialogue, I can also use diagnostics in career counselling sessions. These are questionnaires and tests that can provide specific information for your questions.<\/p>\n\n\n\n<h2 class=\"wp-block-heading has-custom-blau-background-color has-background\">Job Application Coaching <\/h2>\n\n\n\n<ul class=\"wp-block-list has-custom-blau-background-color has-background\">\n<li>I can help you with your CV and cover letter. <\/li>\n\n\n\n<li>You can practise job interviews with me. <\/li>\n\n\n\n<li>I'll give you tips for your job search and your LinkedIn profile.<\/li>\n<\/ul>\n\n\n\n<p class=\"has-custom-blau-background-color has-background\">Now it's your turn! Kick-start your career change with my career counselling.<\/p>\n\n\n\n<div class=\"wp-block-buttons is-content-justification-center is-layout-flex wp-container-core-buttons-is-layout-a89b3969 wp-block-buttons-is-layout-flex\">\n<div class=\"wp-block-button\"><a class=\"wp-block-button__link has-border-color has-custom-schwarz-border-color wp-element-button\" href=\"mailto:beratung@queer.growing.support\" style=\"border-width:5px;box-shadow:var(--wp--preset--shadow--natural)\">Make an Appointment<\/a><\/div>\n<\/div>\n\n\n\n<h2 class=\"wp-block-heading has-custom-blau-background-color has-background\">Who is this offer for?<\/h2>\n\n\n\n<p class=\"has-custom-blau-background-color has-background\">I am happy about every person who comes to me for counselling. I mainly work in career counselling with adults who have already completed initial training.<br><br>I am also happy to advise you when it comes to your first career choice or choosing the right degree programme.<br><br>With queer.growing.support, I am addressing queer and trans people, as I believe there are too few services for us in the area of mental health. However, being queer doesn't have to be the focus of counselling. You are just as welcome to come to me if you don't see yourself as queer or aren't sure.<br><br>My consulting principles are the same as for <a href=\"https:\/\/queer.growing.support\/en\/psychosoziale-beratung\/\">psychosocial counselling<\/a>. The only difference is the focus on the topic of employment. <\/p>\n\n\n\n<div class=\"wp-block-buttons is-content-justification-center is-layout-flex wp-container-core-buttons-is-layout-a89b3969 wp-block-buttons-is-layout-flex\">\n<div class=\"wp-block-button\"><a class=\"wp-block-button__link has-border-color has-custom-schwarz-border-color wp-element-button\" href=\"https:\/\/queer.growing.support\/en\/preise\/\" style=\"border-width:5px;box-shadow:var(--wp--preset--shadow--natural)\">Rates<\/a><\/div>\n<\/div>\n\n\n\n<p><\/p>","protected":false},"excerpt":{"rendered":"<p>Finde deinen beruflichen Weg \u2013 ich unterst\u00fctze dich dabei! Du willst beruflich weiterkommen? Vielleicht bist du unzufrieden in deinem Job. Oder du weisst nicht, wie du dich bewerben sollst. Vielleicht brauchst du neue Ideen f\u00fcr deine Zukunft. All das sind Themen f\u00fcr eine Laufbahnberatung. Ich biete dir Laufbahnberatung und Bewerbungs-Coaching f\u00fcr den Schweizer Arbeitsmarkt \u2013 [&hellip;]<\/p>\n","protected":false},"author":2,"featured_media":0,"parent":0,"menu_order":0,"comment_status":"closed","ping_status":"closed","template":"","meta":{"_monsterinsights_skip_tracking":false,"_monsterinsights_sitenote_active":false,"_monsterinsights_sitenote_note":"","_monsterinsights_sitenote_category":0,"footnotes":""},"class_list":["post-44","page","type-page","status-publish","hentry"],"yoast_head":"<!-- This site is optimized with the Yoast SEO plugin v27.4 - https:\/\/yoast.com\/product\/yoast-seo-wordpress\/ -->\n<title>Laufbahnberatung &amp; Bewerbungs-Coaching - queer.growing.support<\/title>\n<meta name=\"description\" content=\"Individuelle Laufbahnberatung und Bewerbungs-Coaching f\u00fcr den Schweizer Arbeitsmarkt \u2013 finde deinen beruflichen Weg.\" \/>\n<meta name=\"robots\" content=\"index, follow, max-snippet:-1, max-image-preview:large, max-video-preview:-1\" \/>\n<link rel=\"canonical\" href=\"https:\/\/queer.growing.support\/en\/laufbahnberatung-bewerbungs-coaching\/\" \/>\n<meta property=\"og:locale\" content=\"en_GB\" \/>\n<meta property=\"og:type\" content=\"article\" \/>\n<meta property=\"og:title\" content=\"Laufbahnberatung &amp; Bewerbungs-Coaching - queer.growing.support\" \/>\n<meta property=\"og:description\" content=\"Individuelle Laufbahnberatung und Bewerbungs-Coaching f\u00fcr den Schweizer Arbeitsmarkt \u2013 finde deinen beruflichen Weg.\" \/>\n<meta property=\"og:url\" content=\"https:\/\/queer.growing.support\/en\/laufbahnberatung-bewerbungs-coaching\/\" \/>\n<meta property=\"og:site_name\" content=\"queer.growing.support\" \/>\n<meta property=\"article:modified_time\" content=\"2025-05-29T09:01:15+00:00\" \/>\n<meta name=\"twitter:card\" content=\"summary_large_image\" \/>\n<meta name=\"twitter:label1\" content=\"Estimated reading time\" \/>\n\t<meta name=\"twitter:data1\" content=\"2 minutes\" \/>\n<script type=\"application\/ld+json\" class=\"yoast-schema-graph\">{\"@context\":\"https:\\\/\\\/schema.org\",\"@graph\":[{\"@type\":\"WebPage\",\"@id\":\"https:\\\/\\\/queer.growing.support\\\/en\\\/laufbahnberatung-bewerbungs-coaching\\\/\",\"url\":\"https:\\\/\\\/queer.growing.support\\\/en\\\/laufbahnberatung-bewerbungs-coaching\\\/\",\"name\":\"Laufbahnberatung &amp; Bewerbungs-Coaching - queer.growing.support\",\"isPartOf\":{\"@id\":\"https:\\\/\\\/queer.growing.support\\\/en\\\/#website\"},\"datePublished\":\"2025-05-23T06:06:41+00:00\",\"dateModified\":\"2025-05-29T09:01:15+00:00\",\"description\":\"Individuelle Laufbahnberatung und Bewerbungs-Coaching f\u00fcr den Schweizer Arbeitsmarkt \u2013 finde deinen beruflichen Weg.\",\"breadcrumb\":{\"@id\":\"https:\\\/\\\/queer.growing.support\\\/en\\\/laufbahnberatung-bewerbungs-coaching\\\/#breadcrumb\"},\"inLanguage\":\"en-GB\",\"potentialAction\":[{\"@type\":\"ReadAction\",\"target\":[\"https:\\\/\\\/queer.growing.support\\\/en\\\/laufbahnberatung-bewerbungs-coaching\\\/\"]}]},{\"@type\":\"BreadcrumbList\",\"@id\":\"https:\\\/\\\/queer.growing.support\\\/en\\\/laufbahnberatung-bewerbungs-coaching\\\/#breadcrumb\",\"itemListElement\":[{\"@type\":\"ListItem\",\"position\":1,\"name\":\"Home\",\"item\":\"https:\\\/\\\/queer.growing.support\\\/en\\\/\"},{\"@type\":\"ListItem\",\"position\":2,\"name\":\"Laufbahnberatung &amp; Bewerbungs-Coaching\"}]},{\"@type\":\"WebSite\",\"@id\":\"https:\\\/\\\/queer.growing.support\\\/en\\\/#website\",\"url\":\"https:\\\/\\\/queer.growing.support\\\/en\\\/\",\"name\":\"queer.growing.support\",\"description\":\"Beratung f\u00fcr trans und queere Personen.\",\"publisher\":{\"@id\":\"https:\\\/\\\/queer.growing.support\\\/en\\\/#organization\"},\"potentialAction\":[{\"@type\":\"SearchAction\",\"target\":{\"@type\":\"EntryPoint\",\"urlTemplate\":\"https:\\\/\\\/queer.growing.support\\\/en\\\/?s={search_term_string}\"},\"query-input\":{\"@type\":\"PropertyValueSpecification\",\"valueRequired\":true,\"valueName\":\"search_term_string\"}}],\"inLanguage\":\"en-GB\"},{\"@type\":\"Organization\",\"@id\":\"https:\\\/\\\/queer.growing.support\\\/en\\\/#organization\",\"name\":\"queer.growing.support\",\"url\":\"https:\\\/\\\/queer.growing.support\\\/en\\\/\",\"logo\":{\"@type\":\"ImageObject\",\"inLanguage\":\"en-GB\",\"@id\":\"https:\\\/\\\/queer.growing.support\\\/en\\\/#\\\/schema\\\/logo\\\/image\\\/\",\"url\":\"https:\\\/\\\/queer.growing.support\\\/wp-content\\\/uploads\\\/2025\\\/05\\\/logo_quadratisch-1.jpg\",\"contentUrl\":\"https:\\\/\\\/queer.growing.support\\\/wp-content\\\/uploads\\\/2025\\\/05\\\/logo_quadratisch-1.jpg\",\"width\":800,\"height\":800,\"caption\":\"queer.growing.support\"},\"image\":{\"@id\":\"https:\\\/\\\/queer.growing.support\\\/en\\\/#\\\/schema\\\/logo\\\/image\\\/\"},\"sameAs\":[\"https:\\\/\\\/www.instagram.com\\\/queer.growing.support\\\/\",\"https:\\\/\\\/www.linkedin.com\\\/company\\\/queer-growing-support\"]}]}<\/script>\n<!-- \/ Yoast SEO plugin. -->","yoast_head_json":{"title":"Laufbahnberatung &amp; Bewerbungs-Coaching - queer.growing.support","description":"Individuelle Laufbahnberatung und Bewerbungs-Coaching f\u00fcr den Schweizer Arbeitsmarkt \u2013 finde deinen beruflichen Weg.","robots":{"index":"index","follow":"follow","max-snippet":"max-snippet:-1","max-image-preview":"max-image-preview:large","max-video-preview":"max-video-preview:-1"},"canonical":"https:\/\/queer.growing.support\/en\/laufbahnberatung-bewerbungs-coaching\/","og_locale":"en_GB","og_type":"article","og_title":"Laufbahnberatung &amp; Bewerbungs-Coaching - queer.growing.support","og_description":"Individuelle Laufbahnberatung und Bewerbungs-Coaching f\u00fcr den Schweizer Arbeitsmarkt \u2013 finde deinen beruflichen Weg.","og_url":"https:\/\/queer.growing.support\/en\/laufbahnberatung-bewerbungs-coaching\/","og_site_name":"queer.growing.support","article_modified_time":"2025-05-29T09:01:15+00:00","twitter_card":"summary_large_image","twitter_misc":{"Estimated reading time":"2 minutes"},"schema":{"@context":"https:\/\/schema.org","@graph":[{"@type":"WebPage","@id":"https:\/\/queer.growing.support\/en\/laufbahnberatung-bewerbungs-coaching\/","url":"https:\/\/queer.growing.support\/en\/laufbahnberatung-bewerbungs-coaching\/","name":"Laufbahnberatung &amp; Bewerbungs-Coaching - queer.growing.support","isPartOf":{"@id":"https:\/\/queer.growing.support\/en\/#website"},"datePublished":"2025-05-23T06:06:41+00:00","dateModified":"2025-05-29T09:01:15+00:00","description":"Individuelle Laufbahnberatung und Bewerbungs-Coaching f\u00fcr den Schweizer Arbeitsmarkt \u2013 finde deinen beruflichen Weg.","breadcrumb":{"@id":"https:\/\/queer.growing.support\/en\/laufbahnberatung-bewerbungs-coaching\/#breadcrumb"},"inLanguage":"en-GB","potentialAction":[{"@type":"ReadAction","target":["https:\/\/queer.growing.support\/en\/laufbahnberatung-bewerbungs-coaching\/"]}]},{"@type":"BreadcrumbList","@id":"https:\/\/queer.growing.support\/en\/laufbahnberatung-bewerbungs-coaching\/#breadcrumb","itemListElement":[{"@type":"ListItem","position":1,"name":"Home","item":"https:\/\/queer.growing.support\/en\/"},{"@type":"ListItem","position":2,"name":"Laufbahnberatung &amp; Bewerbungs-Coaching"}]},{"@type":"WebSite","@id":"https:\/\/queer.growing.support\/en\/#website","url":"https:\/\/queer.growing.support\/en\/","name":"queer.growing.support","description":"Counselling for trans and queer people.","publisher":{"@id":"https:\/\/queer.growing.support\/en\/#organization"},"potentialAction":[{"@type":"SearchAction","target":{"@type":"EntryPoint","urlTemplate":"https:\/\/queer.growing.support\/en\/?s={search_term_string}"},"query-input":{"@type":"PropertyValueSpecification","valueRequired":true,"valueName":"search_term_string"}}],"inLanguage":"en-GB"},{"@type":"Organization","@id":"https:\/\/queer.growing.support\/en\/#organization","name":"queer.growing.support","url":"https:\/\/queer.growing.support\/en\/","logo":{"@type":"ImageObject","inLanguage":"en-GB","@id":"https:\/\/queer.growing.support\/en\/#\/schema\/logo\/image\/","url":"https:\/\/queer.growing.support\/wp-content\/uploads\/2025\/05\/logo_quadratisch-1.jpg","contentUrl":"https:\/\/queer.growing.support\/wp-content\/uploads\/2025\/05\/logo_quadratisch-1.jpg","width":800,"height":800,"caption":"queer.growing.support"},"image":{"@id":"https:\/\/queer.growing.support\/en\/#\/schema\/logo\/image\/"},"sameAs":["https:\/\/www.instagram.com\/queer.growing.support\/","https:\/\/www.linkedin.com\/company\/queer-growing-support"]}]}},"_links":{"self":[{"href":"https:\/\/queer.growing.support\/en\/wp-json\/wp\/v2\/pages\/44","targetHints":{"allow":["GET"]}}],"collection":[{"href":"https:\/\/queer.growing.support\/en\/wp-json\/wp\/v2\/pages"}],"about":[{"href":"https:\/\/queer.growing.support\/en\/wp-json\/wp\/v2\/types\/page"}],"author":[{"embeddable":true,"href":"https:\/\/queer.growing.support\/en\/wp-json\/wp\/v2\/users\/2"}],"replies":[{"embeddable":true,"href":"https:\/\/queer.growing.support\/en\/wp-json\/wp\/v2\/comments?post=44"}],"version-history":[{"count":11,"href":"https:\/\/queer.growing.support\/en\/wp-json\/wp\/v2\/pages\/44\/revisions"}],"predecessor-version":[{"id":251,"href":"https:\/\/queer.growing.support\/en\/wp-json\/wp\/v2\/pages\/44\/revisions\/251"}],"wp:attachment":[{"href":"https:\/\/queer.growing.support\/en\/wp-json\/wp\/v2\/media?parent=44"}],"curies":[{"name":"wp","href":"https:\/\/api.w.org\/{rel}","templated":true}]}}