{"id":62,"date":"2025-05-24T10:16:09","date_gmt":"2025-05-24T10:16:09","guid":{"rendered":"https:\/\/queer.growing.support\/?page_id=62"},"modified":"2025-05-29T09:08:01","modified_gmt":"2025-05-29T09:08:01","slug":"preise","status":"publish","type":"page","link":"https:\/\/queer.growing.support\/en\/preise\/","title":{"rendered":"Rates"},"content":{"rendered":"<div class=\"wp-block-group alignfull has-global-padding is-layout-constrained wp-block-group-is-layout-constrained\" style=\"margin-top:0;margin-bottom:0;padding-top:var(--wp--preset--spacing--60);padding-bottom:var(--wp--preset--spacing--60)\">\n<p class=\"has-custom-blau-background-color has-background\">My prices are flexible because I want to give as many people as possible access to counselling. Use the following price levels as a guide to categorise yourself in the appropriate price level.<\/p>\n\n\n\n<div class=\"wp-block-columns alignwide is-layout-flex wp-container-core-columns-is-layout-e87f2171 wp-block-columns-is-layout-flex\" style=\"margin-top:var(--wp--preset--spacing--70);margin-bottom:0\">\n<div class=\"wp-block-column has-border-color has-custom-schwarz-border-color has-custom-blau-background-color has-background has-global-padding is-content-justification-center is-layout-constrained wp-container-core-column-is-layout-860428b2 wp-block-column-is-layout-constrained\" style=\"border-width:5px;border-radius:10px;padding-top:var(--wp--preset--spacing--40);padding-right:var(--wp--preset--spacing--40);padding-bottom:var(--wp--preset--spacing--40);padding-left:var(--wp--preset--spacing--40);box-shadow:var(--wp--preset--shadow--natural)\">\n<h3 class=\"wp-block-heading\">Reduced<\/h3>\n\n\n\n<p class=\"has-medium-font-size\">After deducting all essential expenses such as rent, health insurance, food and transport, I have little left over; my income is insecure and I have few savings:<\/p>\n\n\n\n<p>80-120 CHF for 60min counselling<\/p>\n\n\n\n<p>120-180 CHF for 90min counselling<\/p>\n<\/div>\n\n\n\n<div class=\"wp-block-column has-border-color has-custom-schwarz-border-color has-custom-blau-background-color has-background has-global-padding is-content-justification-center is-layout-constrained wp-container-core-column-is-layout-860428b2 wp-block-column-is-layout-constrained\" style=\"border-width:5px;border-radius:10px;padding-top:var(--wp--preset--spacing--40);padding-right:var(--wp--preset--spacing--40);padding-bottom:var(--wp--preset--spacing--40);padding-left:var(--wp--preset--spacing--40);box-shadow:var(--wp--preset--shadow--natural)\">\n<h3 class=\"wp-block-heading\">Regular<\/h3>\n\n\n\n<p class=\"has-medium-font-size\">I can pay all my essential expenses such as rent, health insurance, food and transport; my income is stable and I can put some money aside:<\/p>\n\n\n\n<p>120-150 CHF for 60min counselling<\/p>\n\n\n\n<p>180-225 CHF for 90min counselling<\/p>\n<\/div>\n\n\n\n<div class=\"wp-block-column has-border-color has-custom-schwarz-border-color has-custom-blau-background-color has-background has-global-padding is-content-justification-center is-layout-constrained wp-container-core-column-is-layout-860428b2 wp-block-column-is-layout-constrained\" style=\"border-width:5px;border-radius:10px;padding-top:var(--wp--preset--spacing--40);padding-right:var(--wp--preset--spacing--40);padding-bottom:var(--wp--preset--spacing--40);padding-left:var(--wp--preset--spacing--40);box-shadow:var(--wp--preset--shadow--natural)\">\n<h3 class=\"wp-block-heading\">Solidarity<\/h3>\n\n\n\n<p class=\"has-medium-font-size\">I earn very well and pay a solidarity price to enable people with lower incomes to receive discounted advice:<\/p>\n\n\n\n<p>&gt;150 CHF for 60min counselling<\/p>\n\n\n\n<p>&gt;225 CHF for 90min counselling<\/p>\n<\/div>\n<\/div>\n<\/div>\n\n\n\n<h2 class=\"wp-block-heading has-custom-blau-background-color has-background\">Terms of Payment<\/h2>\n\n\n\n<ul class=\"wp-block-list has-custom-blau-background-color has-background\">\n<li>Online counselling sessions must be paid for in advance. This can be done by bank transfer or TWINT. On-site sessions must be paid on site in cash or by TWINT, or in advance by bank transfer.<\/li>\n\n\n\n<li>I charge full fee for sessions cancelled less than 24 hours in advance.<\/li>\n\n\n\n<li>Counselling is not covered by health insurance or supplementary insurance.<\/li>\n\n\n\n<li>Psychosocial counselling and career counselling\/job application coaching cost the same.<\/li>\n\n\n\n<li>You can find more details in the <a href=\"https:\/\/queer.growing.support\/en\/agb\/\">GTCs <\/a>.<\/li>\n\n\n\n<li>If you can't afford the advice on the tariffs, get in touch with me. We'll find a solution.<\/li>\n<\/ul>\n\n\n\n<div class=\"wp-block-group alignfull has-global-padding is-layout-constrained wp-block-group-is-layout-constrained\" style=\"margin-top:0;margin-bottom:0;padding-top:var(--wp--preset--spacing--60);padding-bottom:var(--wp--preset--spacing--60)\">\n<h2 class=\"wp-block-heading has-custom-blau-background-color has-background\">Payment Options<\/h2>\n\n\n\n<p class=\"has-custom-blau-background-color has-background\">You can pay for counselling by bank transfer, TWINT or cash.<\/p>\n\n\n\n<div class=\"wp-block-columns alignwide is-layout-flex wp-container-core-columns-is-layout-e87f2171 wp-block-columns-is-layout-flex\" style=\"margin-top:var(--wp--preset--spacing--70);margin-bottom:0\">\n<div class=\"wp-block-column has-border-color has-custom-schwarz-border-color has-custom-blau-background-color has-background has-global-padding is-content-justification-center is-layout-constrained wp-container-core-column-is-layout-860428b2 wp-block-column-is-layout-constrained\" style=\"border-width:5px;border-radius:10px;padding-top:var(--wp--preset--spacing--40);padding-right:var(--wp--preset--spacing--40);padding-bottom:var(--wp--preset--spacing--40);padding-left:var(--wp--preset--spacing--40);box-shadow:var(--wp--preset--shadow--natural)\">\n<h3 class=\"wp-block-heading\">Bank Transfer<\/h3>\n\n\n\n<figure class=\"wp-block-image size-full\"><img loading=\"lazy\" decoding=\"async\" width=\"849\" height=\"455\" src=\"https:\/\/queer.growing.support\/wp-content\/uploads\/2025\/05\/QR-einzahlungsschein_queer.growing.support.jpg\" alt=\"Einzahlungsschein mit QR-Code f\u00fcr Bank\u00fcberweisung\" class=\"wp-image-66\" srcset=\"https:\/\/queer.growing.support\/wp-content\/uploads\/2025\/05\/QR-einzahlungsschein_queer.growing.support.jpg 849w, https:\/\/queer.growing.support\/wp-content\/uploads\/2025\/05\/QR-einzahlungsschein_queer.growing.support-300x161.jpg 300w, https:\/\/queer.growing.support\/wp-content\/uploads\/2025\/05\/QR-einzahlungsschein_queer.growing.support-768x412.jpg 768w\" sizes=\"auto, (max-width: 849px) 100vw, 849px\" \/><\/figure>\n\n\n\n<p class=\"has-medium-font-size\"><a href=\"https:\/\/queer.growing.support\/wp-content\/uploads\/2025\/05\/QR-Einzahlungsschein.pdf\" target=\"_blank\" rel=\"noreferrer noopener\">Download QR payment slip as PDF here<\/a><\/p>\n\n\n\n<h4 class=\"wp-block-heading has-medium-font-size\">Account details:<\/h4>\n\n\n\n<p class=\"has-medium-font-size\">IBAN CH61 0839 0037 3803 1000 0<br>queer.growing.support M. Wohlgemuth<br>8005 Z\u00fcrich<br>Alternative Bank Schweiz<br>BC: 8390<\/p>\n<\/div>\n\n\n\n<div class=\"wp-block-column has-border-color has-custom-schwarz-border-color has-custom-blau-background-color has-background has-global-padding is-content-justification-center is-layout-constrained wp-container-core-column-is-layout-860428b2 wp-block-column-is-layout-constrained\" style=\"border-width:5px;border-radius:10px;padding-top:var(--wp--preset--spacing--40);padding-right:var(--wp--preset--spacing--40);padding-bottom:var(--wp--preset--spacing--40);padding-left:var(--wp--preset--spacing--40);box-shadow:var(--wp--preset--shadow--natural)\">\n<h3 class=\"wp-block-heading\">TWINT<\/h3>\n\n\n\n<figure class=\"wp-block-image aligncenter size-full\"><img loading=\"lazy\" decoding=\"async\" width=\"449\" height=\"718\" src=\"https:\/\/queer.growing.support\/wp-content\/uploads\/2025\/05\/QR-Code-TWINT-QGS.jpg\" alt=\"TWINT QR-Code f\u00fcr die Zahlung\" class=\"wp-image-65\" style=\"object-fit:cover\" srcset=\"https:\/\/queer.growing.support\/wp-content\/uploads\/2025\/05\/QR-Code-TWINT-QGS.jpg 449w, https:\/\/queer.growing.support\/wp-content\/uploads\/2025\/05\/QR-Code-TWINT-QGS-188x300.jpg 188w\" sizes=\"auto, (max-width: 449px) 100vw, 449px\" \/><\/figure>\n<\/div>\n<\/div>\n<\/div>","protected":false},"excerpt":{"rendered":"<p>Ich gestalte meine Preise flexibel, denn ich m\u00f6chte m\u00f6glichst vielen Menschen Zugang zur Beratung erm\u00f6glichen. Orientiere dich an den folgenden Preisstufen, um dich selbst in der passenden Preisstufe einzuordnen. Verg\u00fcnstigt Nach Abzug aller lebensnotwenigen Ausgaben wie Miete, Krankenkasse, Lebensmittel, Transport bleibt wenig \u00fcbrig; mein Einkommen ist unsicher und ich habe wenig Erspartes: 80-120 CHF f\u00fcr [&hellip;]<\/p>\n","protected":false},"author":2,"featured_media":0,"parent":0,"menu_order":0,"comment_status":"closed","ping_status":"closed","template":"","meta":{"_monsterinsights_skip_tracking":false,"_monsterinsights_sitenote_active":false,"_monsterinsights_sitenote_note":"","_monsterinsights_sitenote_category":0,"footnotes":""},"class_list":["post-62","page","type-page","status-publish","hentry"],"yoast_head":"<!-- This site is optimized with the Yoast SEO plugin v27.4 - https:\/\/yoast.com\/product\/yoast-seo-wordpress\/ -->\n<title>Preise f\u00fcr die Beratung - queer.growing.support<\/title>\n<meta name=\"description\" content=\"HIer findest du die Preise f\u00fcr eine Beratung bei queer.growing.support. Die Preise sind flexibel dank drei Preisstufen.\" \/>\n<meta name=\"robots\" content=\"index, follow, max-snippet:-1, max-image-preview:large, max-video-preview:-1\" \/>\n<link rel=\"canonical\" href=\"https:\/\/queer.growing.support\/en\/preise\/\" \/>\n<meta property=\"og:locale\" content=\"en_GB\" \/>\n<meta property=\"og:type\" content=\"article\" \/>\n<meta property=\"og:title\" content=\"Preise f\u00fcr die Beratung - queer.growing.support\" \/>\n<meta property=\"og:description\" content=\"HIer findest du die Preise f\u00fcr eine Beratung bei queer.growing.support. Die Preise sind flexibel dank drei Preisstufen.\" \/>\n<meta property=\"og:url\" content=\"https:\/\/queer.growing.support\/en\/preise\/\" \/>\n<meta property=\"og:site_name\" content=\"queer.growing.support\" \/>\n<meta property=\"article:modified_time\" content=\"2025-05-29T09:08:01+00:00\" \/>\n<meta property=\"og:image\" content=\"https:\/\/queer.growing.support\/wp-content\/uploads\/2025\/05\/QR-einzahlungsschein_queer.growing.support.jpg\" \/>\n<meta name=\"twitter:card\" content=\"summary_large_image\" \/>\n<meta name=\"twitter:label1\" content=\"Estimated reading time\" \/>\n\t<meta name=\"twitter:data1\" content=\"2 minutes\" \/>\n<script type=\"application\/ld+json\" class=\"yoast-schema-graph\">{\"@context\":\"https:\\\/\\\/schema.org\",\"@graph\":[{\"@type\":\"WebPage\",\"@id\":\"https:\\\/\\\/queer.growing.support\\\/en\\\/preise\\\/\",\"url\":\"https:\\\/\\\/queer.growing.support\\\/en\\\/preise\\\/\",\"name\":\"Preise f\u00fcr die Beratung - queer.growing.support\",\"isPartOf\":{\"@id\":\"https:\\\/\\\/queer.growing.support\\\/en\\\/#website\"},\"primaryImageOfPage\":{\"@id\":\"https:\\\/\\\/queer.growing.support\\\/en\\\/preise\\\/#primaryimage\"},\"image\":{\"@id\":\"https:\\\/\\\/queer.growing.support\\\/en\\\/preise\\\/#primaryimage\"},\"thumbnailUrl\":\"https:\\\/\\\/queer.growing.support\\\/wp-content\\\/uploads\\\/2025\\\/05\\\/QR-einzahlungsschein_queer.growing.support.jpg\",\"datePublished\":\"2025-05-24T10:16:09+00:00\",\"dateModified\":\"2025-05-29T09:08:01+00:00\",\"description\":\"HIer findest du die Preise f\u00fcr eine Beratung bei queer.growing.support. Die Preise sind flexibel dank drei Preisstufen.\",\"breadcrumb\":{\"@id\":\"https:\\\/\\\/queer.growing.support\\\/en\\\/preise\\\/#breadcrumb\"},\"inLanguage\":\"en-GB\",\"potentialAction\":[{\"@type\":\"ReadAction\",\"target\":[\"https:\\\/\\\/queer.growing.support\\\/en\\\/preise\\\/\"]}]},{\"@type\":\"ImageObject\",\"inLanguage\":\"en-GB\",\"@id\":\"https:\\\/\\\/queer.growing.support\\\/en\\\/preise\\\/#primaryimage\",\"url\":\"https:\\\/\\\/queer.growing.support\\\/wp-content\\\/uploads\\\/2025\\\/05\\\/QR-einzahlungsschein_queer.growing.support.jpg\",\"contentUrl\":\"https:\\\/\\\/queer.growing.support\\\/wp-content\\\/uploads\\\/2025\\\/05\\\/QR-einzahlungsschein_queer.growing.support.jpg\"},{\"@type\":\"BreadcrumbList\",\"@id\":\"https:\\\/\\\/queer.growing.support\\\/en\\\/preise\\\/#breadcrumb\",\"itemListElement\":[{\"@type\":\"ListItem\",\"position\":1,\"name\":\"Home\",\"item\":\"https:\\\/\\\/queer.growing.support\\\/en\\\/\"},{\"@type\":\"ListItem\",\"position\":2,\"name\":\"Preise\"}]},{\"@type\":\"WebSite\",\"@id\":\"https:\\\/\\\/queer.growing.support\\\/en\\\/#website\",\"url\":\"https:\\\/\\\/queer.growing.support\\\/en\\\/\",\"name\":\"queer.growing.support\",\"description\":\"Beratung f\u00fcr trans und queere Personen.\",\"publisher\":{\"@id\":\"https:\\\/\\\/queer.growing.support\\\/en\\\/#organization\"},\"potentialAction\":[{\"@type\":\"SearchAction\",\"target\":{\"@type\":\"EntryPoint\",\"urlTemplate\":\"https:\\\/\\\/queer.growing.support\\\/en\\\/?s={search_term_string}\"},\"query-input\":{\"@type\":\"PropertyValueSpecification\",\"valueRequired\":true,\"valueName\":\"search_term_string\"}}],\"inLanguage\":\"en-GB\"},{\"@type\":\"Organization\",\"@id\":\"https:\\\/\\\/queer.growing.support\\\/en\\\/#organization\",\"name\":\"queer.growing.support\",\"url\":\"https:\\\/\\\/queer.growing.support\\\/en\\\/\",\"logo\":{\"@type\":\"ImageObject\",\"inLanguage\":\"en-GB\",\"@id\":\"https:\\\/\\\/queer.growing.support\\\/en\\\/#\\\/schema\\\/logo\\\/image\\\/\",\"url\":\"https:\\\/\\\/queer.growing.support\\\/wp-content\\\/uploads\\\/2025\\\/05\\\/logo_quadratisch-1.jpg\",\"contentUrl\":\"https:\\\/\\\/queer.growing.support\\\/wp-content\\\/uploads\\\/2025\\\/05\\\/logo_quadratisch-1.jpg\",\"width\":800,\"height\":800,\"caption\":\"queer.growing.support\"},\"image\":{\"@id\":\"https:\\\/\\\/queer.growing.support\\\/en\\\/#\\\/schema\\\/logo\\\/image\\\/\"},\"sameAs\":[\"https:\\\/\\\/www.instagram.com\\\/queer.growing.support\\\/\",\"https:\\\/\\\/www.linkedin.com\\\/company\\\/queer-growing-support\"]}]}<\/script>\n<!-- \/ Yoast SEO plugin. -->","yoast_head_json":{"title":"Preise f\u00fcr die Beratung - queer.growing.support","description":"HIer findest du die Preise f\u00fcr eine Beratung bei queer.growing.support. Die Preise sind flexibel dank drei Preisstufen.","robots":{"index":"index","follow":"follow","max-snippet":"max-snippet:-1","max-image-preview":"max-image-preview:large","max-video-preview":"max-video-preview:-1"},"canonical":"https:\/\/queer.growing.support\/en\/preise\/","og_locale":"en_GB","og_type":"article","og_title":"Preise f\u00fcr die Beratung - queer.growing.support","og_description":"HIer findest du die Preise f\u00fcr eine Beratung bei queer.growing.support. Die Preise sind flexibel dank drei Preisstufen.","og_url":"https:\/\/queer.growing.support\/en\/preise\/","og_site_name":"queer.growing.support","article_modified_time":"2025-05-29T09:08:01+00:00","og_image":[{"url":"https:\/\/queer.growing.support\/wp-content\/uploads\/2025\/05\/QR-einzahlungsschein_queer.growing.support.jpg","type":"","width":"","height":""}],"twitter_card":"summary_large_image","twitter_misc":{"Estimated reading time":"2 minutes"},"schema":{"@context":"https:\/\/schema.org","@graph":[{"@type":"WebPage","@id":"https:\/\/queer.growing.support\/en\/preise\/","url":"https:\/\/queer.growing.support\/en\/preise\/","name":"Preise f\u00fcr die Beratung - queer.growing.support","isPartOf":{"@id":"https:\/\/queer.growing.support\/en\/#website"},"primaryImageOfPage":{"@id":"https:\/\/queer.growing.support\/en\/preise\/#primaryimage"},"image":{"@id":"https:\/\/queer.growing.support\/en\/preise\/#primaryimage"},"thumbnailUrl":"https:\/\/queer.growing.support\/wp-content\/uploads\/2025\/05\/QR-einzahlungsschein_queer.growing.support.jpg","datePublished":"2025-05-24T10:16:09+00:00","dateModified":"2025-05-29T09:08:01+00:00","description":"HIer findest du die Preise f\u00fcr eine Beratung bei queer.growing.support. Die Preise sind flexibel dank drei Preisstufen.","breadcrumb":{"@id":"https:\/\/queer.growing.support\/en\/preise\/#breadcrumb"},"inLanguage":"en-GB","potentialAction":[{"@type":"ReadAction","target":["https:\/\/queer.growing.support\/en\/preise\/"]}]},{"@type":"ImageObject","inLanguage":"en-GB","@id":"https:\/\/queer.growing.support\/en\/preise\/#primaryimage","url":"https:\/\/queer.growing.support\/wp-content\/uploads\/2025\/05\/QR-einzahlungsschein_queer.growing.support.jpg","contentUrl":"https:\/\/queer.growing.support\/wp-content\/uploads\/2025\/05\/QR-einzahlungsschein_queer.growing.support.jpg"},{"@type":"BreadcrumbList","@id":"https:\/\/queer.growing.support\/en\/preise\/#breadcrumb","itemListElement":[{"@type":"ListItem","position":1,"name":"Home","item":"https:\/\/queer.growing.support\/en\/"},{"@type":"ListItem","position":2,"name":"Preise"}]},{"@type":"WebSite","@id":"https:\/\/queer.growing.support\/en\/#website","url":"https:\/\/queer.growing.support\/en\/","name":"queer.growing.support","description":"Counselling for trans and queer people.","publisher":{"@id":"https:\/\/queer.growing.support\/en\/#organization"},"potentialAction":[{"@type":"SearchAction","target":{"@type":"EntryPoint","urlTemplate":"https:\/\/queer.growing.support\/en\/?s={search_term_string}"},"query-input":{"@type":"PropertyValueSpecification","valueRequired":true,"valueName":"search_term_string"}}],"inLanguage":"en-GB"},{"@type":"Organization","@id":"https:\/\/queer.growing.support\/en\/#organization","name":"queer.growing.support","url":"https:\/\/queer.growing.support\/en\/","logo":{"@type":"ImageObject","inLanguage":"en-GB","@id":"https:\/\/queer.growing.support\/en\/#\/schema\/logo\/image\/","url":"https:\/\/queer.growing.support\/wp-content\/uploads\/2025\/05\/logo_quadratisch-1.jpg","contentUrl":"https:\/\/queer.growing.support\/wp-content\/uploads\/2025\/05\/logo_quadratisch-1.jpg","width":800,"height":800,"caption":"queer.growing.support"},"image":{"@id":"https:\/\/queer.growing.support\/en\/#\/schema\/logo\/image\/"},"sameAs":["https:\/\/www.instagram.com\/queer.growing.support\/","https:\/\/www.linkedin.com\/company\/queer-growing-support"]}]}},"_links":{"self":[{"href":"https:\/\/queer.growing.support\/en\/wp-json\/wp\/v2\/pages\/62","targetHints":{"allow":["GET"]}}],"collection":[{"href":"https:\/\/queer.growing.support\/en\/wp-json\/wp\/v2\/pages"}],"about":[{"href":"https:\/\/queer.growing.support\/en\/wp-json\/wp\/v2\/types\/page"}],"author":[{"embeddable":true,"href":"https:\/\/queer.growing.support\/en\/wp-json\/wp\/v2\/users\/2"}],"replies":[{"embeddable":true,"href":"https:\/\/queer.growing.support\/en\/wp-json\/wp\/v2\/comments?post=62"}],"version-history":[{"count":19,"href":"https:\/\/queer.growing.support\/en\/wp-json\/wp\/v2\/pages\/62\/revisions"}],"predecessor-version":[{"id":252,"href":"https:\/\/queer.growing.support\/en\/wp-json\/wp\/v2\/pages\/62\/revisions\/252"}],"wp:attachment":[{"href":"https:\/\/queer.growing.support\/en\/wp-json\/wp\/v2\/media?parent=62"}],"curies":[{"name":"wp","href":"https:\/\/api.w.org\/{rel}","templated":true}]}}