{"id":84,"date":"2025-05-26T06:39:20","date_gmt":"2025-05-26T06:39:20","guid":{"rendered":"https:\/\/queer.growing.support\/?page_id=84"},"modified":"2025-05-27T07:07:22","modified_gmt":"2025-05-27T07:07:22","slug":"intervision-trans","status":"publish","type":"page","link":"https:\/\/queer.growing.support\/en\/intervision-trans\/","title":{"rendered":"Intervision Group trans"},"content":{"rendered":"<div class=\"wp-block-group alignfull has-global-padding is-layout-constrained wp-container-core-group-is-layout-0c9c989a wp-block-group-is-layout-constrained\" style=\"min-height:0vh;margin-top:0;margin-bottom:0;padding-top:var(--wp--preset--spacing--70);padding-right:var(--wp--preset--spacing--40);padding-bottom:var(--wp--preset--spacing--70);padding-left:var(--wp--preset--spacing--40)\">\n<div class=\"wp-block-group has-global-padding is-layout-constrained wp-container-core-group-is-layout-346627ba wp-block-group-is-layout-constrained\">\n<p class=\"has-text-align-left has-custom-blau-background-color has-background\">In our intervision group, professionals from different areas of counselling exchange ideas. We learn from each other and continue to develop.<br><br>Our focus is on counselling trans people. We discuss current challenges, questions and practical examples in a safe and supportive environment. We meet approximately every three months for one and a half hours.<br><br>We are looking for professionals who would like to give us new impulses for intervision and work with us to further develop counselling for trans people. Solid prior knowledge in the field of trans counselling is required. We are open to different fields of specialisation.<br><br>Sign up or send your questions by email to <a href=\"mailto:beratung@queer.growing.support\">beratung@queer.growing.support<\/a>.<\/p>\n\n\n\n<div class=\"wp-block-buttons is-content-justification-center is-layout-flex wp-container-core-buttons-is-layout-a89b3969 wp-block-buttons-is-layout-flex\">\n<div class=\"wp-block-button\"><a class=\"wp-block-button__link has-border-color has-custom-schwarz-border-color wp-element-button\" href=\"mailto:beratung@queer.growing.support\" style=\"border-width:5px;box-shadow:var(--wp--preset--shadow--natural)\">Send mail enquiry<\/a><\/div>\n<\/div>\n<\/div>\n<\/div>","protected":false},"excerpt":{"rendered":"<p>In unserer Intervisions-Gruppe tauschen sich Fachleute aus verschiedenen Beratungsbereichen aus. Wir lernen voneinander und entwickeln uns weiter. Unser Fokus liegt auf der Beratung von trans Personen. Wir tauschen uns in einem gesch\u00fctzten und unterst\u00fctzenden Rahmen \u00fcber aktuelle Herausforderungen, Fragen und Beispiele aus der Praxis aus. Wir treffen uns etwa alle drei Monate f\u00fcr eineinhalb Stunden. [&hellip;]<\/p>\n","protected":false},"author":2,"featured_media":0,"parent":0,"menu_order":0,"comment_status":"closed","ping_status":"closed","template":"","meta":{"_monsterinsights_skip_tracking":false,"_monsterinsights_sitenote_active":false,"_monsterinsights_sitenote_note":"","_monsterinsights_sitenote_category":0,"footnotes":""},"class_list":["post-84","page","type-page","status-publish","hentry"],"yoast_head":"<!-- This site is optimized with the Yoast SEO plugin v27.4 - https:\/\/yoast.com\/product\/yoast-seo-wordpress\/ -->\n<title>Intervisions-Gruppe trans - queer.growing.support<\/title>\n<meta name=\"description\" content=\"In unserer Intervisionsgruppe zur Beratung von trans Personen treffen sich Fachpersonen aus verschiedenen Beratungsbereichen zum Austausch.\" \/>\n<meta name=\"robots\" content=\"index, follow, max-snippet:-1, max-image-preview:large, max-video-preview:-1\" \/>\n<link rel=\"canonical\" href=\"https:\/\/queer.growing.support\/en\/intervision-trans\/\" \/>\n<meta property=\"og:locale\" content=\"en_GB\" \/>\n<meta property=\"og:type\" content=\"article\" \/>\n<meta property=\"og:title\" content=\"Intervisions-Gruppe trans - queer.growing.support\" \/>\n<meta property=\"og:description\" content=\"In unserer Intervisionsgruppe zur Beratung von trans Personen treffen sich Fachpersonen aus verschiedenen Beratungsbereichen zum Austausch.\" \/>\n<meta property=\"og:url\" content=\"https:\/\/queer.growing.support\/en\/intervision-trans\/\" \/>\n<meta property=\"og:site_name\" content=\"queer.growing.support\" \/>\n<meta property=\"article:modified_time\" content=\"2025-05-27T07:07:22+00:00\" \/>\n<meta name=\"twitter:card\" content=\"summary_large_image\" \/>\n<meta name=\"twitter:label1\" content=\"Estimated reading time\" \/>\n\t<meta name=\"twitter:data1\" content=\"1 minute\" \/>\n<script type=\"application\/ld+json\" class=\"yoast-schema-graph\">{\"@context\":\"https:\\\/\\\/schema.org\",\"@graph\":[{\"@type\":\"WebPage\",\"@id\":\"https:\\\/\\\/queer.growing.support\\\/en\\\/intervision-trans\\\/\",\"url\":\"https:\\\/\\\/queer.growing.support\\\/en\\\/intervision-trans\\\/\",\"name\":\"Intervisions-Gruppe trans - queer.growing.support\",\"isPartOf\":{\"@id\":\"https:\\\/\\\/queer.growing.support\\\/en\\\/#website\"},\"datePublished\":\"2025-05-26T06:39:20+00:00\",\"dateModified\":\"2025-05-27T07:07:22+00:00\",\"description\":\"In unserer Intervisionsgruppe zur Beratung von trans Personen treffen sich Fachpersonen aus verschiedenen Beratungsbereichen zum Austausch.\",\"breadcrumb\":{\"@id\":\"https:\\\/\\\/queer.growing.support\\\/en\\\/intervision-trans\\\/#breadcrumb\"},\"inLanguage\":\"en-GB\",\"potentialAction\":[{\"@type\":\"ReadAction\",\"target\":[\"https:\\\/\\\/queer.growing.support\\\/en\\\/intervision-trans\\\/\"]}]},{\"@type\":\"BreadcrumbList\",\"@id\":\"https:\\\/\\\/queer.growing.support\\\/en\\\/intervision-trans\\\/#breadcrumb\",\"itemListElement\":[{\"@type\":\"ListItem\",\"position\":1,\"name\":\"Home\",\"item\":\"https:\\\/\\\/queer.growing.support\\\/en\\\/\"},{\"@type\":\"ListItem\",\"position\":2,\"name\":\"Intervisions-Gruppe trans\"}]},{\"@type\":\"WebSite\",\"@id\":\"https:\\\/\\\/queer.growing.support\\\/en\\\/#website\",\"url\":\"https:\\\/\\\/queer.growing.support\\\/en\\\/\",\"name\":\"queer.growing.support\",\"description\":\"Beratung f\u00fcr trans und queere Personen.\",\"publisher\":{\"@id\":\"https:\\\/\\\/queer.growing.support\\\/en\\\/#organization\"},\"potentialAction\":[{\"@type\":\"SearchAction\",\"target\":{\"@type\":\"EntryPoint\",\"urlTemplate\":\"https:\\\/\\\/queer.growing.support\\\/en\\\/?s={search_term_string}\"},\"query-input\":{\"@type\":\"PropertyValueSpecification\",\"valueRequired\":true,\"valueName\":\"search_term_string\"}}],\"inLanguage\":\"en-GB\"},{\"@type\":\"Organization\",\"@id\":\"https:\\\/\\\/queer.growing.support\\\/en\\\/#organization\",\"name\":\"queer.growing.support\",\"url\":\"https:\\\/\\\/queer.growing.support\\\/en\\\/\",\"logo\":{\"@type\":\"ImageObject\",\"inLanguage\":\"en-GB\",\"@id\":\"https:\\\/\\\/queer.growing.support\\\/en\\\/#\\\/schema\\\/logo\\\/image\\\/\",\"url\":\"https:\\\/\\\/queer.growing.support\\\/wp-content\\\/uploads\\\/2025\\\/05\\\/logo_quadratisch-1.jpg\",\"contentUrl\":\"https:\\\/\\\/queer.growing.support\\\/wp-content\\\/uploads\\\/2025\\\/05\\\/logo_quadratisch-1.jpg\",\"width\":800,\"height\":800,\"caption\":\"queer.growing.support\"},\"image\":{\"@id\":\"https:\\\/\\\/queer.growing.support\\\/en\\\/#\\\/schema\\\/logo\\\/image\\\/\"},\"sameAs\":[\"https:\\\/\\\/www.instagram.com\\\/queer.growing.support\\\/\",\"https:\\\/\\\/www.linkedin.com\\\/company\\\/queer-growing-support\"]}]}<\/script>\n<!-- \/ Yoast SEO plugin. -->","yoast_head_json":{"title":"Intervisions-Gruppe trans - queer.growing.support","description":"In unserer Intervisionsgruppe zur Beratung von trans Personen treffen sich Fachpersonen aus verschiedenen Beratungsbereichen zum Austausch.","robots":{"index":"index","follow":"follow","max-snippet":"max-snippet:-1","max-image-preview":"max-image-preview:large","max-video-preview":"max-video-preview:-1"},"canonical":"https:\/\/queer.growing.support\/en\/intervision-trans\/","og_locale":"en_GB","og_type":"article","og_title":"Intervisions-Gruppe trans - queer.growing.support","og_description":"In unserer Intervisionsgruppe zur Beratung von trans Personen treffen sich Fachpersonen aus verschiedenen Beratungsbereichen zum Austausch.","og_url":"https:\/\/queer.growing.support\/en\/intervision-trans\/","og_site_name":"queer.growing.support","article_modified_time":"2025-05-27T07:07:22+00:00","twitter_card":"summary_large_image","twitter_misc":{"Estimated reading time":"1 minute"},"schema":{"@context":"https:\/\/schema.org","@graph":[{"@type":"WebPage","@id":"https:\/\/queer.growing.support\/en\/intervision-trans\/","url":"https:\/\/queer.growing.support\/en\/intervision-trans\/","name":"Intervisions-Gruppe trans - queer.growing.support","isPartOf":{"@id":"https:\/\/queer.growing.support\/en\/#website"},"datePublished":"2025-05-26T06:39:20+00:00","dateModified":"2025-05-27T07:07:22+00:00","description":"In unserer Intervisionsgruppe zur Beratung von trans Personen treffen sich Fachpersonen aus verschiedenen Beratungsbereichen zum Austausch.","breadcrumb":{"@id":"https:\/\/queer.growing.support\/en\/intervision-trans\/#breadcrumb"},"inLanguage":"en-GB","potentialAction":[{"@type":"ReadAction","target":["https:\/\/queer.growing.support\/en\/intervision-trans\/"]}]},{"@type":"BreadcrumbList","@id":"https:\/\/queer.growing.support\/en\/intervision-trans\/#breadcrumb","itemListElement":[{"@type":"ListItem","position":1,"name":"Home","item":"https:\/\/queer.growing.support\/en\/"},{"@type":"ListItem","position":2,"name":"Intervisions-Gruppe trans"}]},{"@type":"WebSite","@id":"https:\/\/queer.growing.support\/en\/#website","url":"https:\/\/queer.growing.support\/en\/","name":"queer.growing.support","description":"Counselling for trans and queer people.","publisher":{"@id":"https:\/\/queer.growing.support\/en\/#organization"},"potentialAction":[{"@type":"SearchAction","target":{"@type":"EntryPoint","urlTemplate":"https:\/\/queer.growing.support\/en\/?s={search_term_string}"},"query-input":{"@type":"PropertyValueSpecification","valueRequired":true,"valueName":"search_term_string"}}],"inLanguage":"en-GB"},{"@type":"Organization","@id":"https:\/\/queer.growing.support\/en\/#organization","name":"queer.growing.support","url":"https:\/\/queer.growing.support\/en\/","logo":{"@type":"ImageObject","inLanguage":"en-GB","@id":"https:\/\/queer.growing.support\/en\/#\/schema\/logo\/image\/","url":"https:\/\/queer.growing.support\/wp-content\/uploads\/2025\/05\/logo_quadratisch-1.jpg","contentUrl":"https:\/\/queer.growing.support\/wp-content\/uploads\/2025\/05\/logo_quadratisch-1.jpg","width":800,"height":800,"caption":"queer.growing.support"},"image":{"@id":"https:\/\/queer.growing.support\/en\/#\/schema\/logo\/image\/"},"sameAs":["https:\/\/www.instagram.com\/queer.growing.support\/","https:\/\/www.linkedin.com\/company\/queer-growing-support"]}]}},"_links":{"self":[{"href":"https:\/\/queer.growing.support\/en\/wp-json\/wp\/v2\/pages\/84","targetHints":{"allow":["GET"]}}],"collection":[{"href":"https:\/\/queer.growing.support\/en\/wp-json\/wp\/v2\/pages"}],"about":[{"href":"https:\/\/queer.growing.support\/en\/wp-json\/wp\/v2\/types\/page"}],"author":[{"embeddable":true,"href":"https:\/\/queer.growing.support\/en\/wp-json\/wp\/v2\/users\/2"}],"replies":[{"embeddable":true,"href":"https:\/\/queer.growing.support\/en\/wp-json\/wp\/v2\/comments?post=84"}],"version-history":[{"count":6,"href":"https:\/\/queer.growing.support\/en\/wp-json\/wp\/v2\/pages\/84\/revisions"}],"predecessor-version":[{"id":200,"href":"https:\/\/queer.growing.support\/en\/wp-json\/wp\/v2\/pages\/84\/revisions\/200"}],"wp:attachment":[{"href":"https:\/\/queer.growing.support\/en\/wp-json\/wp\/v2\/media?parent=84"}],"curies":[{"name":"wp","href":"https:\/\/api.w.org\/{rel}","templated":true}]}}