{"id":97,"date":"2025-05-26T07:46:16","date_gmt":"2025-05-26T07:46:16","guid":{"rendered":"https:\/\/queer.growing.support\/?page_id=97"},"modified":"2025-08-15T06:56:36","modified_gmt":"2025-08-15T06:56:36","slug":"ueber-mich","status":"publish","type":"page","link":"https:\/\/queer.growing.support\/en\/ueber-mich\/","title":{"rendered":"About Me"},"content":{"rendered":"<div class=\"wp-block-group alignfull is-style-section-5 has-custom-blau-background-color has-background has-global-padding is-content-justification-right is-layout-constrained wp-container-core-group-is-layout-75e7716f wp-block-group-is-layout-constrained is-style-section-5--2\" style=\"margin-top:0;margin-bottom:0;padding-top:var(--wp--preset--spacing--50);padding-bottom:var(--wp--preset--spacing--50)\">\n<div class=\"wp-block-columns alignwide is-layout-flex wp-container-core-columns-is-layout-7ee84d44 wp-block-columns-is-layout-flex\">\n<div class=\"wp-block-column is-vertically-aligned-center is-layout-flow wp-block-column-is-layout-flow\" style=\"flex-basis:50%\">\n<p class=\"has-custom-schwarz-color has-text-color has-link-color has-large-font-size wp-elements-269fdb9b8dddbfab20fdf044c4931cfe\">My path into counselling began with my fascination for psychological processes and the desire to offer queer people a place where they don't have to constantly explain themselves. <\/p>\n\n\n\n<p class=\"has-custom-schwarz-color has-text-color has-link-color has-large-font-size wp-elements-e6b232c6aa0180e7bf82768b67ccd664\">After gaining a degree in humanities, I trained in psychosocial counselling - and created such a space with queer.growing.support.<\/p>\n<\/div>\n\n\n\n<div class=\"wp-block-column is-vertically-aligned-center is-layout-flow wp-block-column-is-layout-flow\" style=\"flex-basis:50%\">\n<figure class=\"wp-block-image size-full is-resized\"><img loading=\"lazy\" decoding=\"async\" width=\"1080\" height=\"1142\" src=\"https:\/\/queer.growing.support\/wp-content\/uploads\/2025\/05\/portrait_hoch_klein-1.jpg\" alt=\"Portrait von Monet Wohlgemuth\" class=\"wp-image-98\" style=\"box-shadow:var(--wp--preset--shadow--natural);aspect-ratio:4\/3;object-fit:cover;width:auto;height:300px\" srcset=\"https:\/\/queer.growing.support\/wp-content\/uploads\/2025\/05\/portrait_hoch_klein-1.jpg 1080w, https:\/\/queer.growing.support\/wp-content\/uploads\/2025\/05\/portrait_hoch_klein-1-284x300.jpg 284w, https:\/\/queer.growing.support\/wp-content\/uploads\/2025\/05\/portrait_hoch_klein-1-968x1024.jpg 968w, https:\/\/queer.growing.support\/wp-content\/uploads\/2025\/05\/portrait_hoch_klein-1-768x812.jpg 768w\" sizes=\"auto, (max-width: 1080px) 100vw, 1080px\" \/><\/figure>\n\n\n\n<p class=\"has-custom-schwarz-color has-text-color has-link-color has-medium-font-size wp-elements-47615ab3f37a6137b007b3c482c4cb87\">Monet Wohlgemuth, *1989<\/p>\n<\/div>\n<\/div>\n<\/div>\n\n\n\n<h2 class=\"wp-block-heading has-custom-blau-background-color has-background\">My Values<\/h2>\n\n\n\n<p class=\"has-custom-blau-background-color has-background\">In my counselling sessions, I offer a space in which you can get to know yourself better, overcome difficult situations and find your own way. I start from the premise that you know yourself best. I don't provide ready-made solutions, but accompany you in discovering your own answers.<br><br>I want to create a space in which as many people as possible can feel comfortable and safe. To achieve this, it is important to me to be mindful of social differences - such as experiences of discrimination, privilege or power relations.<br><br>I also see psychosocial counselling as a political space. Our sessions are not detached from the social system. Forms of discrimination such as racism, ableism, queerophobia and classism are deeply ingrained in our society. That's why I don't see these experiences as an individual problem. However, we can work together in counselling to find a way of dealing with them that is right for you.<br><br>As a counsellor, I have a position of power in the counselling setting. It is therefore important for me to make my social positioning transparent. The following labels, among others, characterise my perspective within (Swiss) society: white, middle class, university educated, non-religious, non-disabled, non-binary and transmasculine, dyadic, pansexual, allosexual and gray romantic, non-monogamous.<br><br>I regularly reflect on my work in supervision and intervision. I attach great importance to transparent communication. This can also mean that I refer a person to a specialist if I am unable to provide appropriate professional support.<\/p>\n\n\n\n<h2 class=\"wp-block-heading has-custom-blau-background-color has-background\">My Approach<\/h2>\n\n\n\n<p class=\"has-custom-blau-background-color has-background\">For me, relationship, presence and clear, respectful communication are central to counselling. I work according to the <strong>person-centred approach<\/strong>, but I also integrate other approaches. I did my training at the GFK-Institute, which works with these approaches:<\/p>\n\n\n\n<ul class=\"wp-block-list has-custom-blau-background-color has-background\">\n<li><strong>Conversational psychotherapy according to Carl Rogers<\/strong>: Process facilitation with acceptance, empathy and authenticity.<\/li>\n\n\n\n<li><strong>Focusing according to Eugene Gendlin<\/strong>: mindful body awareness as a guide to inner knowledge.<\/li>\n\n\n\n<li><strong>Body Therapy according to Wilhelm Reich<\/strong>: the body as a resource - through movement, perception or touch.<\/li>\n<\/ul>\n\n\n\n<p class=\"has-custom-blau-background-color has-background\">My work is also inspired by a variety of queer-feminist and anti-discriminatory approaches. I incorporate insights from self-awareness, theory and ongoing training - e.g:<\/p>\n\n\n\n<ul class=\"wp-block-list has-custom-blau-background-color has-background\">\n<li>anti-discriminatory, feminist and pleasure-oriented approaches (bell hooks, <a href=\"http:\/\/www.mai-anh-boger.de\/\" target=\"_blank\" rel=\"noreferrer noopener\">Mai-Anh Boger<\/a>, <a href=\"https:\/\/adriennemareebrown.net\/\" target=\"_blank\" rel=\"noreferrer noopener\">adrienne maree brown<\/a>, \u2026)<\/li>\n\n\n\n<li>the work on gender and therapy by <a href=\"https:\/\/www.alexiantaffi.com\/\" target=\"_blank\" rel=\"noreferrer noopener\">Alex Iantaffi<\/a><\/li>\n\n\n\n<li>Deliberate Practice and Feedback Informed Therapy (<a href=\"https:\/\/www.scottdmiller.com\/\" target=\"_blank\" rel=\"noreferrer noopener\">Scott Miller<\/a> and <a href=\"https:\/\/drtonyr.com\/\" target=\"_blank\" rel=\"noreferrer noopener\">Tony Rousmaniere<\/a>) as methods that I use to improve my counselling skills. In this context, I also learn a lot from the podcast <a href=\"https:\/\/www.verybadtherapy.com\/\" target=\"_blank\" rel=\"noreferrer noopener\">Very Bad Therapy<\/a><\/li>\n<\/ul>\n\n\n\n<h2 class=\"wp-block-heading has-custom-blau-background-color has-background\">Training<\/h2>\n\n\n\n<ul class=\"wp-block-list has-custom-blau-background-color has-background\">\n<li>2026: Higher Professional Examination (HFP) Counselling in the psychosocial field (planned)<\/li>\n\n\n\n<li>2023-2026: MAS Vocational, Academic and Career Counselling at the IAP \/ ZHAW<\/li>\n\n\n\n<li>2022: Competence expansion in couples counselling at the IKP<\/li>\n\n\n\n<li>2021: First Aid Certificate for Mental Health at ensa, Pro Mente Sana<\/li>\n\n\n\n<li>2019-2022: Diploma in person-centred process facilitation and counselling at the GFK-Institute<\/li>\n<\/ul>\n\n\n\n<h2 class=\"wp-block-heading has-custom-blau-background-color has-background\">Memberships and Counselling Activities<\/h2>\n\n\n\n<ul class=\"wp-block-list has-custom-blau-background-color has-background\">\n<li>since 2024: Volunteer Career Counsellor in the team of <a href=\"https:\/\/www.tgns.ch\/de\/beratung\/arbeit\/\" target=\"_blank\" rel=\"noreferrer noopener\">TGNS<\/a><\/li>\n\n\n\n<li>since 2024: Brief counselling on career choice and career topics as part of my part-time position<\/li>\n\n\n\n<li>since 2022: Active member of SGfB - <a href=\"https:\/\/www.sgfb.ch\/\" target=\"_blank\" rel=\"noreferrer noopener\">Swiss Association for Counseling<\/a><\/li>\n\n\n\n<li>2019-2021: Peer-to-peer counselling in the team of <a href=\"https:\/\/www.haz.ch\/angebot\/beratung\/\" target=\"_blank\" rel=\"noreferrer noopener\">HAZ<\/a><\/li>\n<\/ul>\n\n\n\n<p><\/p>","protected":false},"excerpt":{"rendered":"<p>Meine Werte In meiner Beratung biete ich einen Raum, in dem du dich selbst besser kennenlernen, schwierige Situationen bew\u00e4ltigen und deinen eigenen Weg finden kannst. Ich gehe davon aus, dass du dich selbst am besten kennst. Ich gebe keine fertigen L\u00f6sungen vor, sondern begleite dich dabei, deine eigenen Antworten zu entdecken. Ich m\u00f6chte einen Raum [&hellip;]<\/p>\n","protected":false},"author":2,"featured_media":0,"parent":0,"menu_order":0,"comment_status":"closed","ping_status":"closed","template":"","meta":{"_monsterinsights_skip_tracking":false,"_monsterinsights_sitenote_active":false,"_monsterinsights_sitenote_note":"","_monsterinsights_sitenote_category":0,"footnotes":""},"class_list":["post-97","page","type-page","status-publish","hentry"],"yoast_head":"<!-- This site is optimized with the Yoast SEO plugin v27.4 - https:\/\/yoast.com\/product\/yoast-seo-wordpress\/ -->\n<title>\u00dcber mich - queer.growing.support<\/title>\n<meta name=\"description\" content=\"Psychosoziale Beratung f\u00fcr queere und trans Personen: Erfahre mehr \u00fcber meinen Weg und warum ich queer.growing.support gegr\u00fcndet habe.\" \/>\n<meta name=\"robots\" content=\"index, follow, max-snippet:-1, max-image-preview:large, max-video-preview:-1\" \/>\n<link rel=\"canonical\" href=\"https:\/\/queer.growing.support\/en\/ueber-mich\/\" \/>\n<meta property=\"og:locale\" content=\"en_GB\" \/>\n<meta property=\"og:type\" content=\"article\" \/>\n<meta property=\"og:title\" content=\"\u00dcber mich - queer.growing.support\" \/>\n<meta property=\"og:description\" content=\"Psychosoziale Beratung f\u00fcr queere und trans Personen: Erfahre mehr \u00fcber meinen Weg und warum ich queer.growing.support gegr\u00fcndet habe.\" \/>\n<meta property=\"og:url\" content=\"https:\/\/queer.growing.support\/en\/ueber-mich\/\" \/>\n<meta property=\"og:site_name\" content=\"queer.growing.support\" \/>\n<meta property=\"article:modified_time\" content=\"2025-08-15T06:56:36+00:00\" \/>\n<meta name=\"twitter:card\" content=\"summary_large_image\" \/>\n<meta name=\"twitter:label1\" content=\"Estimated reading time\" \/>\n\t<meta name=\"twitter:data1\" content=\"3 minutes\" \/>\n<script type=\"application\/ld+json\" class=\"yoast-schema-graph\">{\"@context\":\"https:\\\/\\\/schema.org\",\"@graph\":[{\"@type\":\"WebPage\",\"@id\":\"https:\\\/\\\/queer.growing.support\\\/en\\\/ueber-mich\\\/\",\"url\":\"https:\\\/\\\/queer.growing.support\\\/en\\\/ueber-mich\\\/\",\"name\":\"\u00dcber mich - queer.growing.support\",\"isPartOf\":{\"@id\":\"https:\\\/\\\/queer.growing.support\\\/en\\\/#website\"},\"datePublished\":\"2025-05-26T07:46:16+00:00\",\"dateModified\":\"2025-08-15T06:56:36+00:00\",\"description\":\"Psychosoziale Beratung f\u00fcr queere und trans Personen: Erfahre mehr \u00fcber meinen Weg und warum ich queer.growing.support gegr\u00fcndet habe.\",\"breadcrumb\":{\"@id\":\"https:\\\/\\\/queer.growing.support\\\/en\\\/ueber-mich\\\/#breadcrumb\"},\"inLanguage\":\"en-GB\",\"potentialAction\":[{\"@type\":\"ReadAction\",\"target\":[\"https:\\\/\\\/queer.growing.support\\\/en\\\/ueber-mich\\\/\"]}]},{\"@type\":\"BreadcrumbList\",\"@id\":\"https:\\\/\\\/queer.growing.support\\\/en\\\/ueber-mich\\\/#breadcrumb\",\"itemListElement\":[{\"@type\":\"ListItem\",\"position\":1,\"name\":\"Home\",\"item\":\"https:\\\/\\\/queer.growing.support\\\/en\\\/\"},{\"@type\":\"ListItem\",\"position\":2,\"name\":\"\u00dcber mich\"}]},{\"@type\":\"WebSite\",\"@id\":\"https:\\\/\\\/queer.growing.support\\\/en\\\/#website\",\"url\":\"https:\\\/\\\/queer.growing.support\\\/en\\\/\",\"name\":\"queer.growing.support\",\"description\":\"Beratung f\u00fcr trans und queere Personen.\",\"publisher\":{\"@id\":\"https:\\\/\\\/queer.growing.support\\\/en\\\/#organization\"},\"potentialAction\":[{\"@type\":\"SearchAction\",\"target\":{\"@type\":\"EntryPoint\",\"urlTemplate\":\"https:\\\/\\\/queer.growing.support\\\/en\\\/?s={search_term_string}\"},\"query-input\":{\"@type\":\"PropertyValueSpecification\",\"valueRequired\":true,\"valueName\":\"search_term_string\"}}],\"inLanguage\":\"en-GB\"},{\"@type\":\"Organization\",\"@id\":\"https:\\\/\\\/queer.growing.support\\\/en\\\/#organization\",\"name\":\"queer.growing.support\",\"url\":\"https:\\\/\\\/queer.growing.support\\\/en\\\/\",\"logo\":{\"@type\":\"ImageObject\",\"inLanguage\":\"en-GB\",\"@id\":\"https:\\\/\\\/queer.growing.support\\\/en\\\/#\\\/schema\\\/logo\\\/image\\\/\",\"url\":\"https:\\\/\\\/queer.growing.support\\\/wp-content\\\/uploads\\\/2025\\\/05\\\/logo_quadratisch-1.jpg\",\"contentUrl\":\"https:\\\/\\\/queer.growing.support\\\/wp-content\\\/uploads\\\/2025\\\/05\\\/logo_quadratisch-1.jpg\",\"width\":800,\"height\":800,\"caption\":\"queer.growing.support\"},\"image\":{\"@id\":\"https:\\\/\\\/queer.growing.support\\\/en\\\/#\\\/schema\\\/logo\\\/image\\\/\"},\"sameAs\":[\"https:\\\/\\\/www.instagram.com\\\/queer.growing.support\\\/\",\"https:\\\/\\\/www.linkedin.com\\\/company\\\/queer-growing-support\"]}]}<\/script>\n<!-- \/ Yoast SEO plugin. -->","yoast_head_json":{"title":"\u00dcber mich - queer.growing.support","description":"Psychosoziale Beratung f\u00fcr queere und trans Personen: Erfahre mehr \u00fcber meinen Weg und warum ich queer.growing.support gegr\u00fcndet habe.","robots":{"index":"index","follow":"follow","max-snippet":"max-snippet:-1","max-image-preview":"max-image-preview:large","max-video-preview":"max-video-preview:-1"},"canonical":"https:\/\/queer.growing.support\/en\/ueber-mich\/","og_locale":"en_GB","og_type":"article","og_title":"\u00dcber mich - queer.growing.support","og_description":"Psychosoziale Beratung f\u00fcr queere und trans Personen: Erfahre mehr \u00fcber meinen Weg und warum ich queer.growing.support gegr\u00fcndet habe.","og_url":"https:\/\/queer.growing.support\/en\/ueber-mich\/","og_site_name":"queer.growing.support","article_modified_time":"2025-08-15T06:56:36+00:00","twitter_card":"summary_large_image","twitter_misc":{"Estimated reading time":"3 minutes"},"schema":{"@context":"https:\/\/schema.org","@graph":[{"@type":"WebPage","@id":"https:\/\/queer.growing.support\/en\/ueber-mich\/","url":"https:\/\/queer.growing.support\/en\/ueber-mich\/","name":"\u00dcber mich - queer.growing.support","isPartOf":{"@id":"https:\/\/queer.growing.support\/en\/#website"},"datePublished":"2025-05-26T07:46:16+00:00","dateModified":"2025-08-15T06:56:36+00:00","description":"Psychosoziale Beratung f\u00fcr queere und trans Personen: Erfahre mehr \u00fcber meinen Weg und warum ich queer.growing.support gegr\u00fcndet habe.","breadcrumb":{"@id":"https:\/\/queer.growing.support\/en\/ueber-mich\/#breadcrumb"},"inLanguage":"en-GB","potentialAction":[{"@type":"ReadAction","target":["https:\/\/queer.growing.support\/en\/ueber-mich\/"]}]},{"@type":"BreadcrumbList","@id":"https:\/\/queer.growing.support\/en\/ueber-mich\/#breadcrumb","itemListElement":[{"@type":"ListItem","position":1,"name":"Home","item":"https:\/\/queer.growing.support\/en\/"},{"@type":"ListItem","position":2,"name":"\u00dcber mich"}]},{"@type":"WebSite","@id":"https:\/\/queer.growing.support\/en\/#website","url":"https:\/\/queer.growing.support\/en\/","name":"queer.growing.support","description":"Counselling for trans and queer people.","publisher":{"@id":"https:\/\/queer.growing.support\/en\/#organization"},"potentialAction":[{"@type":"SearchAction","target":{"@type":"EntryPoint","urlTemplate":"https:\/\/queer.growing.support\/en\/?s={search_term_string}"},"query-input":{"@type":"PropertyValueSpecification","valueRequired":true,"valueName":"search_term_string"}}],"inLanguage":"en-GB"},{"@type":"Organization","@id":"https:\/\/queer.growing.support\/en\/#organization","name":"queer.growing.support","url":"https:\/\/queer.growing.support\/en\/","logo":{"@type":"ImageObject","inLanguage":"en-GB","@id":"https:\/\/queer.growing.support\/en\/#\/schema\/logo\/image\/","url":"https:\/\/queer.growing.support\/wp-content\/uploads\/2025\/05\/logo_quadratisch-1.jpg","contentUrl":"https:\/\/queer.growing.support\/wp-content\/uploads\/2025\/05\/logo_quadratisch-1.jpg","width":800,"height":800,"caption":"queer.growing.support"},"image":{"@id":"https:\/\/queer.growing.support\/en\/#\/schema\/logo\/image\/"},"sameAs":["https:\/\/www.instagram.com\/queer.growing.support\/","https:\/\/www.linkedin.com\/company\/queer-growing-support"]}]}},"_links":{"self":[{"href":"https:\/\/queer.growing.support\/en\/wp-json\/wp\/v2\/pages\/97","targetHints":{"allow":["GET"]}}],"collection":[{"href":"https:\/\/queer.growing.support\/en\/wp-json\/wp\/v2\/pages"}],"about":[{"href":"https:\/\/queer.growing.support\/en\/wp-json\/wp\/v2\/types\/page"}],"author":[{"embeddable":true,"href":"https:\/\/queer.growing.support\/en\/wp-json\/wp\/v2\/users\/2"}],"replies":[{"embeddable":true,"href":"https:\/\/queer.growing.support\/en\/wp-json\/wp\/v2\/comments?post=97"}],"version-history":[{"count":13,"href":"https:\/\/queer.growing.support\/en\/wp-json\/wp\/v2\/pages\/97\/revisions"}],"predecessor-version":[{"id":301,"href":"https:\/\/queer.growing.support\/en\/wp-json\/wp\/v2\/pages\/97\/revisions\/301"}],"wp:attachment":[{"href":"https:\/\/queer.growing.support\/en\/wp-json\/wp\/v2\/media?parent=97"}],"curies":[{"name":"wp","href":"https:\/\/api.w.org\/{rel}","templated":true}]}}